{"id":1239,"date":"2026-03-12T18:18:42","date_gmt":"2026-03-12T18:18:42","guid":{"rendered":"https:\/\/domenetattoo.com\/?page_id=1239"},"modified":"2026-04-03T17:28:30","modified_gmt":"2026-04-03T17:28:30","slug":"fine-line-tattoo-cala-millor-domene-tattoo-studio-mallorca","status":"publish","type":"page","link":"https:\/\/domenetattoo.com\/en\/fine-line-tattoo-cala-millor-domene-tattoo-studio-mallorca","title":{"rendered":"Tatuador en Mallorca | Estudio de tatuajes profesional en Cala Millor"},"content":{"rendered":"<div data-elementor-type=\"wp-page\" data-elementor-id=\"1239\" class=\"elementor elementor-1239\">\n\t\t\t\t\t\t<section class=\"elementor-section elementor-top-section elementor-element elementor-element-bbf42eb elementor-section-boxed elementor-section-height-default elementor-section-height-default\" data-id=\"bbf42eb\" data-element_type=\"section\">\n\t\t\t\t\t\t<div class=\"elementor-container elementor-column-gap-default\">\n\t\t\t\t\t<div class=\"elementor-column elementor-col-100 elementor-top-column elementor-element elementor-element-c831324\" data-id=\"c831324\" data-element_type=\"column\">\n\t\t\t<div class=\"elementor-widget-wrap elementor-element-populated\">\n\t\t\t\t\t\t<div class=\"elementor-element elementor-element-a768be3 elementor-widget elementor-widget-text-editor\" data-id=\"a768be3\" data-element_type=\"widget\" data-widget_type=\"text-editor.default\">\n\t\t\t\t<div class=\"elementor-widget-container\">\n\t\t\t<style>\/*! elementor - v3.23.0 - 15-07-2024 *\/\n.elementor-widget-text-editor.elementor-drop-cap-view-stacked .elementor-drop-cap{background-color:#69727d;color:#fff}.elementor-widget-text-editor.elementor-drop-cap-view-framed .elementor-drop-cap{color:#69727d;border:3px solid;background-color:transparent}.elementor-widget-text-editor:not(.elementor-drop-cap-view-default) .elementor-drop-cap{margin-top:8px}.elementor-widget-text-editor:not(.elementor-drop-cap-view-default) .elementor-drop-cap-letter{width:1em;height:1em}.elementor-widget-text-editor .elementor-drop-cap{float:left;text-align:center;line-height:1;font-size:50px}.elementor-widget-text-editor .elementor-drop-cap-letter{display:inline-block}<\/style>\t\t\t\t<p data-start=\"625\" data-end=\"908\">Si est\u00e1s buscando un <strong data-start=\"646\" data-end=\"670\">tatuador en Mallorca<\/strong>, en <strong data-start=\"675\" data-end=\"691\">Domenetattoo<\/strong> encontrar\u00e1s un estudio especializado en tatuajes personalizados, ubicado en Cala Millor. Trabajamos con clientes de toda la isla y tambi\u00e9n con turistas que desean llevarse un recuerdo \u00fanico de su paso por Mallorca.<\/p><p data-start=\"915\" data-end=\"1073\">Nuestro estudio de tatuajes en Mallorca destaca por la calidad, la precisi\u00f3n y el trato personalizado, ofreciendo dise\u00f1os exclusivos adaptados a cada cliente.<\/p>\t\t\t\t\t\t<\/div>\n\t\t\t\t<\/div>\n\t\t\t\t\t<\/div>\n\t\t<\/div>\n\t\t\t\t\t<\/div>\n\t\t<\/section>\n\t\t\t\t<section class=\"elementor-section elementor-top-section elementor-element elementor-element-cc11212 elementor-section-boxed elementor-section-height-default elementor-section-height-default\" data-id=\"cc11212\" data-element_type=\"section\">\n\t\t\t\t\t\t<div class=\"elementor-container elementor-column-gap-default\">\n\t\t\t\t\t<div class=\"elementor-column elementor-col-100 elementor-top-column elementor-element elementor-element-fcdf407\" data-id=\"fcdf407\" data-element_type=\"column\">\n\t\t\t<div class=\"elementor-widget-wrap elementor-element-populated\">\n\t\t\t\t\t\t<div class=\"elementor-element elementor-element-b588f2f elementor-widget elementor-widget-heading\" data-id=\"b588f2f\" data-element_type=\"widget\" data-widget_type=\"heading.default\">\n\t\t\t\t<div class=\"elementor-widget-container\">\n\t\t\t<style>\/*! elementor - v3.23.0 - 15-07-2024 *\/\n.elementor-heading-title{padding:0;margin:0;line-height:1}.elementor-widget-heading .elementor-heading-title[class*=elementor-size-]>a{color:inherit;font-size:inherit;line-height:inherit}.elementor-widget-heading .elementor-heading-title.elementor-size-small{font-size:15px}.elementor-widget-heading .elementor-heading-title.elementor-size-medium{font-size:19px}.elementor-widget-heading .elementor-heading-title.elementor-size-large{font-size:29px}.elementor-widget-heading .elementor-heading-title.elementor-size-xl{font-size:39px}.elementor-widget-heading .elementor-heading-title.elementor-size-xxl{font-size:59px}<\/style><h2 class=\"elementor-heading-title elementor-size-default\">Estudio de tatuajes en Mallorca especializado en diferentes estilos<\/h2>\t\t<\/div>\n\t\t\t\t<\/div>\n\t\t\t\t\t<\/div>\n\t\t<\/div>\n\t\t\t\t\t<\/div>\n\t\t<\/section>\n\t\t\t\t<section class=\"elementor-section elementor-top-section elementor-element elementor-element-55cb965 elementor-section-boxed elementor-section-height-default elementor-section-height-default\" data-id=\"55cb965\" data-element_type=\"section\">\n\t\t\t\t\t\t<div class=\"elementor-container elementor-column-gap-default\">\n\t\t\t\t\t<div class=\"elementor-column elementor-col-100 elementor-top-column elementor-element elementor-element-67237ac\" data-id=\"67237ac\" data-element_type=\"column\">\n\t\t\t<div class=\"elementor-widget-wrap elementor-element-populated\">\n\t\t\t\t\t\t<div class=\"elementor-element elementor-element-ec8d693 elementor-widget elementor-widget-text-editor\" data-id=\"ec8d693\" data-element_type=\"widget\" data-widget_type=\"text-editor.default\">\n\t\t\t\t<div class=\"elementor-widget-container\">\n\t\t\t\t\t\t\t<p data-start=\"1176\" data-end=\"1269\">En Domenetattoo realizamos tatuajes totalmente personalizados, trabajando diferentes estilos:<\/p><ul data-start=\"1271\" data-end=\"1376\"><li data-section-id=\"k2a1t3\" data-start=\"1271\" data-end=\"1293\">Tatuajes realistas<\/li><li data-section-id=\"22o92v\" data-start=\"1294\" data-end=\"1314\">Fine line tattoo<\/li><li data-section-id=\"193sz32\" data-start=\"1315\" data-end=\"1340\">Tatuajes minimalistas<\/li><li data-section-id=\"bc8pds\" data-start=\"1341\" data-end=\"1353\">Cover up<\/li><li data-section-id=\"1eo6cnd\" data-start=\"1354\" data-end=\"1376\">Dise\u00f1os exclusivosSi buscas un <strong style=\"font-size: 1.125rem;\" data-start=\"1393\" data-end=\"1415\">tattoo en Mallorca<\/strong><span style=\"font-size: 1.125rem;\"> con un acabado profesional, te asesoramos en todo el proceso para conseguir el mejor resultado.<\/span><\/li><\/ul>\t\t\t\t\t\t<\/div>\n\t\t\t\t<\/div>\n\t\t\t\t<div class=\"elementor-element elementor-element-99003cd elementor-widget elementor-widget-heading\" data-id=\"99003cd\" data-element_type=\"widget\" data-widget_type=\"heading.default\">\n\t\t\t\t<div class=\"elementor-widget-container\">\n\t\t\t<h2 class=\"elementor-heading-title elementor-size-default\">Tatuador en Cala Millor y alrededores de Mallorca<\/h2>\t\t<\/div>\n\t\t\t\t<\/div>\n\t\t\t\t\t<\/div>\n\t\t<\/div>\n\t\t\t\t\t<\/div>\n\t\t<\/section>\n\t\t\t\t<section class=\"elementor-section elementor-top-section elementor-element elementor-element-4012ca5 elementor-section-boxed elementor-section-height-default elementor-section-height-default\" data-id=\"4012ca5\" data-element_type=\"section\">\n\t\t\t\t\t\t<div class=\"elementor-container elementor-column-gap-default\">\n\t\t\t\t\t<div class=\"elementor-column elementor-col-100 elementor-top-column elementor-element elementor-element-b7133d9\" data-id=\"b7133d9\" data-element_type=\"column\">\n\t\t\t<div class=\"elementor-widget-wrap elementor-element-populated\">\n\t\t\t\t\t\t<div class=\"elementor-element elementor-element-a43b5e7 elementor-widget elementor-widget-text-editor\" data-id=\"a43b5e7\" data-element_type=\"widget\" data-widget_type=\"text-editor.default\">\n\t\t\t\t<div class=\"elementor-widget-container\">\n\t\t\t\t\t\t\t<p data-start=\"1612\" data-end=\"1826\">Nuestro estudio est\u00e1 ubicado en Cala Millor, pero trabajamos con clientes de toda la zona, incluyendo <strong data-start=\"1714\" data-end=\"1789\">Sa Coma, S\u2019Illot, Cala Bona, Manacor, Porto Cristo, Art\u00e0 y Cala Ratjada<\/strong>, as\u00ed como otras zonas de Mallorca.<\/p><p data-start=\"1833\" data-end=\"1968\">Si buscas un <strong data-start=\"1846\" data-end=\"1882\">tatuador cerca de ti en Mallorca<\/strong>, Domenetattoo es una opci\u00f3n ideal por su ubicaci\u00f3n, experiencia y calidad de trabajo.<\/p>\t\t\t\t\t\t<\/div>\n\t\t\t\t<\/div>\n\t\t\t\t\t<\/div>\n\t\t<\/div>\n\t\t\t\t\t<\/div>\n\t\t<\/section>\n\t\t\t\t<section class=\"elementor-section elementor-top-section elementor-element elementor-element-c67522c elementor-section-boxed elementor-section-height-default elementor-section-height-default\" data-id=\"c67522c\" data-element_type=\"section\">\n\t\t\t\t\t\t<div class=\"elementor-container elementor-column-gap-default\">\n\t\t\t\t\t<div class=\"elementor-column elementor-col-100 elementor-top-column elementor-element elementor-element-a7aa22f\" data-id=\"a7aa22f\" data-element_type=\"column\">\n\t\t\t<div class=\"elementor-widget-wrap elementor-element-populated\">\n\t\t\t\t\t\t<div class=\"elementor-element elementor-element-8d4c46f elementor-widget elementor-widget-heading\" data-id=\"8d4c46f\" data-element_type=\"widget\" data-widget_type=\"heading.default\">\n\t\t\t\t<div class=\"elementor-widget-container\">\n\t\t\t<h2 class=\"elementor-heading-title elementor-size-default\">\u00bfPor qu\u00e9 elegir nuestro estudio de tatuajes en Mallorca?<\/h2>\t\t<\/div>\n\t\t\t\t<\/div>\n\t\t\t\t\t<\/div>\n\t\t<\/div>\n\t\t\t\t\t<\/div>\n\t\t<\/section>\n\t\t\t\t<section class=\"elementor-section elementor-top-section elementor-element elementor-element-341ff4c elementor-section-boxed elementor-section-height-default elementor-section-height-default\" data-id=\"341ff4c\" data-element_type=\"section\">\n\t\t\t\t\t\t<div class=\"elementor-container elementor-column-gap-default\">\n\t\t\t\t\t<div class=\"elementor-column elementor-col-100 elementor-top-column elementor-element elementor-element-8659f94\" data-id=\"8659f94\" data-element_type=\"column\">\n\t\t\t<div class=\"elementor-widget-wrap elementor-element-populated\">\n\t\t\t\t\t\t<div class=\"elementor-element elementor-element-89b1bc4 elementor-widget elementor-widget-text-editor\" data-id=\"89b1bc4\" data-element_type=\"widget\" data-widget_type=\"text-editor.default\">\n\t\t\t\t<div class=\"elementor-widget-container\">\n\t\t\t\t\t\t\t<p data-start=\"2065\" data-end=\"2195\">\u00a0<\/p><p data-start=\"2065\" data-end=\"2195\">En Domenetattoo nos enfocamos en ofrecer una experiencia completa, cuidando cada detalle desde el dise\u00f1o hasta el resultado final:<\/p><ul data-start=\"2197\" data-end=\"2390\"><li data-section-id=\"1w1z2ci\" data-start=\"2197\" data-end=\"2236\">Dise\u00f1os personalizados y exclusivos<\/li><li data-section-id=\"1m5hz5l\" data-start=\"2237\" data-end=\"2271\">Atenci\u00f3n cercana y profesional<\/li><li data-section-id=\"rkwgmo\" data-start=\"2272\" data-end=\"2302\">Estudio higi\u00e9nico y seguro<\/li><li data-section-id=\"4hq28x\" data-start=\"2303\" data-end=\"2341\">Ubicaci\u00f3n en Cala Millor, Mallorca<\/li><li data-section-id=\"11oirc5\" data-start=\"2342\" data-end=\"2390\">Experiencia en diferentes estilos de tatuaje<\/li><\/ul>\t\t\t\t\t\t<\/div>\n\t\t\t\t<\/div>\n\t\t\t\t\t<\/div>\n\t\t<\/div>\n\t\t\t\t\t<\/div>\n\t\t<\/section>\n\t\t\t\t<section class=\"elementor-section elementor-top-section elementor-element elementor-element-f5a16d6 elementor-section-boxed elementor-section-height-default elementor-section-height-default\" data-id=\"f5a16d6\" data-element_type=\"section\">\n\t\t\t\t\t\t<div class=\"elementor-container elementor-column-gap-default\">\n\t\t\t\t\t<div class=\"elementor-column elementor-col-100 elementor-top-column elementor-element elementor-element-7344a00\" data-id=\"7344a00\" data-element_type=\"column\">\n\t\t\t<div class=\"elementor-widget-wrap elementor-element-populated\">\n\t\t\t\t\t\t<div class=\"elementor-element elementor-element-f8afa73 elementor-widget elementor-widget-text-editor\" data-id=\"f8afa73\" data-element_type=\"widget\" data-widget_type=\"text-editor.default\">\n\t\t\t\t<div class=\"elementor-widget-container\">\n\t\t\t\t\t\t\t<p data-start=\"2456\" data-end=\"2543\">\u00bfTienes una idea en mente? Escr\u00edbenos y te ayudamos a convertirla en un dise\u00f1o \u00fanico.<\/p><p data-start=\"2550\" data-end=\"2661\">Reserva tu cita en nuestro estudio de tatuajes en Cala Millor y empieza tu pr\u00f3ximo tatuaje con total confianza.<\/p>\t\t\t\t\t\t<\/div>\n\t\t\t\t<\/div>\n\t\t\t\t\t<\/div>\n\t\t<\/div>\n\t\t\t\t\t<\/div>\n\t\t<\/section>\n\t\t\t\t<section class=\"elementor-section elementor-top-section elementor-element elementor-element-b99fe6c elementor-section-boxed elementor-section-height-default elementor-section-height-default\" data-id=\"b99fe6c\" data-element_type=\"section\">\n\t\t\t\t\t\t<div class=\"elementor-container elementor-column-gap-default\">\n\t\t\t\t\t<div class=\"elementor-column elementor-col-100 elementor-top-column elementor-element elementor-element-527e0ce\" data-id=\"527e0ce\" data-element_type=\"column\">\n\t\t\t<div class=\"elementor-widget-wrap elementor-element-populated\">\n\t\t\t\t\t\t<div class=\"elementor-element elementor-element-e63f5fc elementor-list-item-link-full_width elementor-widget elementor-widget-icon-list\" data-id=\"e63f5fc\" data-element_type=\"widget\" data-widget_type=\"icon-list.default\">\n\t\t\t\t<div class=\"elementor-widget-container\">\n\t\t\t<link rel=\"stylesheet\" href=\"https:\/\/domenetattoo.com\/wp-content\/plugins\/elementor\/assets\/css\/widget-icon-list.min.css\">\t\t<ul class=\"elementor-icon-list-items\">\n\t\t\t\t\t\t\t<li class=\"elementor-icon-list-item\">\n\t\t\t\t\t\t\t\t\t\t\t<a href=\"https:\/\/www.instagram.com\/domenetattoo\" target=\"_blank\" rel=\"nofollow\">\n\n\t\t\t\t\t\t\t\t\t\t\t\t<span class=\"elementor-icon-list-icon\">\n\t\t\t\t\t\t\t<i aria-hidden=\"true\" class=\"fab fa-instagram\"><\/i>\t\t\t\t\t\t<\/span>\n\t\t\t\t\t\t\t\t\t\t<span class=\"elementor-icon-list-text\">@domenetattoo<\/span>\n\t\t\t\t\t\t\t\t\t\t\t<\/a>\n\t\t\t\t\t\t\t\t\t<\/li>\n\t\t\t\t\t\t\t\t<li class=\"elementor-icon-list-item\">\n\t\t\t\t\t\t\t\t\t\t\t<a href=\"https:\/\/www.facebook.com\/domenetattoo\" target=\"_blank\" rel=\"nofollow\">\n\n\t\t\t\t\t\t\t\t\t\t\t\t<span class=\"elementor-icon-list-icon\">\n\t\t\t\t\t\t\t<i aria-hidden=\"true\" class=\"fab fa-facebook\"><\/i>\t\t\t\t\t\t<\/span>\n\t\t\t\t\t\t\t\t\t\t<span class=\"elementor-icon-list-text\">Domenetattoo<\/span>\n\t\t\t\t\t\t\t\t\t\t\t<\/a>\n\t\t\t\t\t\t\t\t\t<\/li>\n\t\t\t\t\t\t<\/ul>\n\t\t\t\t<\/div>\n\t\t\t\t<\/div>\n\t\t\t\t\t<\/div>\n\t\t<\/div>\n\t\t\t\t\t<\/div>\n\t\t<\/section>\n\t\t\t\t<section class=\"elementor-section elementor-top-section elementor-element elementor-element-c01a515 elementor-section-boxed elementor-section-height-default elementor-section-height-default\" data-id=\"c01a515\" data-element_type=\"section\">\n\t\t\t\t\t\t<div class=\"elementor-container elementor-column-gap-default\">\n\t\t\t\t\t<div class=\"elementor-column elementor-col-100 elementor-top-column elementor-element elementor-element-dc7bd14\" data-id=\"dc7bd14\" data-element_type=\"column\">\n\t\t\t<div class=\"elementor-widget-wrap\">\n\t\t\t\t\t\t\t<\/div>\n\t\t<\/div>\n\t\t\t\t\t<\/div>\n\t\t<\/section>\n\t\t\t\t<section class=\"elementor-section elementor-top-section elementor-element elementor-element-c228842 elementor-section-boxed elementor-section-height-default elementor-section-height-default\" data-id=\"c228842\" data-element_type=\"section\">\n\t\t\t\t\t\t<div class=\"elementor-container elementor-column-gap-default\">\n\t\t\t\t\t<div class=\"elementor-column elementor-col-100 elementor-top-column elementor-element elementor-element-d8bc6e2\" data-id=\"d8bc6e2\" data-element_type=\"column\">\n\t\t\t<div class=\"elementor-widget-wrap elementor-element-populated\">\n\t\t\t\t\t\t<div class=\"elementor-element elementor-element-7c8412e elementor-widget elementor-widget-google_maps\" data-id=\"7c8412e\" data-element_type=\"widget\" data-widget_type=\"google_maps.default\">\n\t\t\t\t<div class=\"elementor-widget-container\">\n\t\t\t<style>\/*! elementor - v3.23.0 - 15-07-2024 *\/\n.elementor-widget-google_maps .elementor-widget-container{overflow:hidden}.elementor-widget-google_maps .elementor-custom-embed{line-height:0}.elementor-widget-google_maps iframe{height:300px}<\/style>\t\t<div class=\"elementor-custom-embed\">\n\t\t\t<iframe loading=\"lazy\"\n\t\t\t\t\tsrc=\"https:\/\/maps.google.com\/maps?q=domenetattoo&#038;t=m&#038;z=16&#038;output=embed&#038;iwloc=near\"\n\t\t\t\t\ttitle=\"domenetattoo\"\n\t\t\t\t\taria-label=\"domenetattoo\"\n\t\t\t><\/iframe>\n\t\t<\/div>\n\t\t\t\t<\/div>\n\t\t\t\t<\/div>\n\t\t\t\t\t<\/div>\n\t\t<\/div>\n\t\t\t\t\t<\/div>\n\t\t<\/section>\n\t\t\t\t<\/div>","protected":false},"excerpt":{"rendered":"<p>Si est\u00e1s buscando un tatuador en Mallorca, en Domenetattoo encontrar\u00e1s un estudio especializado en tatuajes personalizados, ubicado en Cala Millor.<\/p>\n<p><a href=\"https:\/\/domenetattoo.com\/en\/fine-line-tattoo-cala-millor-domene-tattoo-studio-mallorca\" class=\"more-link\">Continuar leyendo&#8230;<span class=\"screen-reader-text\">Tatuador en Mallorca | Estudio de tatuajes profesional en Cala Millor<\/span><\/a><\/p>","protected":false},"author":1,"featured_media":0,"parent":0,"menu_order":0,"comment_status":"closed","ping_status":"closed","template":"","meta":{"_joinchat":[],"footnotes":""},"class_list":["post-1239","page","type-page","status-publish","hentry"],"_links":{"self":[{"href":"https:\/\/domenetattoo.com\/en\/wp-json\/wp\/v2\/pages\/1239"}],"collection":[{"href":"https:\/\/domenetattoo.com\/en\/wp-json\/wp\/v2\/pages"}],"about":[{"href":"https:\/\/domenetattoo.com\/en\/wp-json\/wp\/v2\/types\/page"}],"author":[{"embeddable":true,"href":"https:\/\/domenetattoo.com\/en\/wp-json\/wp\/v2\/users\/1"}],"replies":[{"embeddable":true,"href":"https:\/\/domenetattoo.com\/en\/wp-json\/wp\/v2\/comments?post=1239"}],"version-history":[{"count":21,"href":"https:\/\/domenetattoo.com\/en\/wp-json\/wp\/v2\/pages\/1239\/revisions"}],"predecessor-version":[{"id":1349,"href":"https:\/\/domenetattoo.com\/en\/wp-json\/wp\/v2\/pages\/1239\/revisions\/1349"}],"wp:attachment":[{"href":"https:\/\/domenetattoo.com\/en\/wp-json\/wp\/v2\/media?parent=1239"}],"curies":[{"name":"wp","href":"https:\/\/api.w.org\/{rel}","templated":true}]}}