{"id":1260,"date":"2026-03-13T16:07:05","date_gmt":"2026-03-13T16:07:05","guid":{"rendered":"https:\/\/domenetattoo.com\/?page_id=1260"},"modified":"2026-04-03T17:09:57","modified_gmt":"2026-04-03T17:09:57","slug":"tattoo-studio-en-mallorca-domene-tattoo","status":"publish","type":"page","link":"https:\/\/domenetattoo.com\/en\/tattoo-studio-en-mallorca-domene-tattoo","title":{"rendered":"Tattoo Studio en Mallorca \u2013 DomeneTattoo"},"content":{"rendered":"<div data-elementor-type=\"wp-page\" data-elementor-id=\"1260\" class=\"elementor elementor-1260\">\n\t\t\t\t\t\t<section class=\"elementor-section elementor-top-section elementor-element elementor-element-219d461 elementor-section-boxed elementor-section-height-default elementor-section-height-default\" data-id=\"219d461\" data-element_type=\"section\">\n\t\t\t\t\t\t<div class=\"elementor-container elementor-column-gap-default\">\n\t\t\t\t\t<div class=\"elementor-column elementor-col-100 elementor-top-column elementor-element elementor-element-59661f0\" data-id=\"59661f0\" data-element_type=\"column\">\n\t\t\t<div class=\"elementor-widget-wrap elementor-element-populated\">\n\t\t\t\t\t\t<div class=\"elementor-element elementor-element-4d40d25 elementor-widget elementor-widget-text-editor\" data-id=\"4d40d25\" data-element_type=\"widget\" data-widget_type=\"text-editor.default\">\n\t\t\t\t<div class=\"elementor-widget-container\">\n\t\t\t<style>\/*! elementor - v3.23.0 - 15-07-2024 *\/\n.elementor-widget-text-editor.elementor-drop-cap-view-stacked .elementor-drop-cap{background-color:#69727d;color:#fff}.elementor-widget-text-editor.elementor-drop-cap-view-framed .elementor-drop-cap{color:#69727d;border:3px solid;background-color:transparent}.elementor-widget-text-editor:not(.elementor-drop-cap-view-default) .elementor-drop-cap{margin-top:8px}.elementor-widget-text-editor:not(.elementor-drop-cap-view-default) .elementor-drop-cap-letter{width:1em;height:1em}.elementor-widget-text-editor .elementor-drop-cap{float:left;text-align:center;line-height:1;font-size:50px}.elementor-widget-text-editor .elementor-drop-cap-letter{display:inline-block}<\/style>\t\t\t\t<p data-start=\"355\" data-end=\"663\">En <strong data-start=\"358\" data-end=\"382\">DomeneTattoo Studio<\/strong> realizamos tatuajes personalizados en Mallorca para clientes locales y turistas que visitan la isla. Nuestro estudio est\u00e1 situado en <strong data-start=\"516\" data-end=\"531\">Cala Millor<\/strong>, uno de los destinos m\u00e1s visitados de Mallorca, donde ofrecemos tatuajes profesionales en un ambiente seguro, higi\u00e9nico y creativo.<\/p><p data-start=\"665\" data-end=\"881\">Si est\u00e1s buscando un <strong data-start=\"686\" data-end=\"708\">tattoo en Mallorca<\/strong>, un tatuador profesional o un estudio donde realizar tu pr\u00f3ximo tatuaje durante tus vacaciones, en Domene Tattoo te ayudaremos a crear un dise\u00f1o \u00fanico adaptado a tu estilo.<\/p>\t\t\t\t\t\t<\/div>\n\t\t\t\t<\/div>\n\t\t\t\t<div class=\"elementor-element elementor-element-718309a elementor-widget elementor-widget-text-editor\" data-id=\"718309a\" data-element_type=\"widget\" data-widget_type=\"text-editor.default\">\n\t\t\t\t<div class=\"elementor-widget-container\">\n\t\t\t\t\t\t\t<h1 data-section-id=\"efh2hv\" data-start=\"888\" data-end=\"929\">Galer\u00eda de tatuajes\u00a0<\/h1><h2 data-section-id=\"fcdffd\" data-start=\"931\" data-end=\"974\">Tattoo en Mallorca \u2013 Trabajos realizados<\/h2><p data-start=\"976\" data-end=\"1173\">En nuestro estudio realizamos diferentes estilos de tatuaje, desde dise\u00f1os minimalistas hasta tatuajes m\u00e1s complejos y detallados. Cada tatuaje es dise\u00f1ado de forma personalizada para cada cliente.<\/p>\t\t\t\t\t\t<\/div>\n\t\t\t\t<\/div>\n\t\t\t\t\t<\/div>\n\t\t<\/div>\n\t\t\t\t\t<\/div>\n\t\t<\/section>\n\t\t\t\t<section class=\"elementor-section elementor-top-section elementor-element elementor-element-9241d21 elementor-section-boxed elementor-section-height-default elementor-section-height-default\" data-id=\"9241d21\" data-element_type=\"section\">\n\t\t\t\t\t\t<div class=\"elementor-container elementor-column-gap-default\">\n\t\t\t\t\t<div class=\"elementor-column elementor-col-33 elementor-top-column elementor-element elementor-element-fdf77fd\" data-id=\"fdf77fd\" data-element_type=\"column\">\n\t\t\t<div class=\"elementor-widget-wrap elementor-element-populated\">\n\t\t\t\t\t\t<div class=\"elementor-element elementor-element-f7a707a elementor-widget__width-initial elementor-widget elementor-widget-image\" data-id=\"f7a707a\" data-element_type=\"widget\" data-widget_type=\"image.default\">\n\t\t\t\t<div class=\"elementor-widget-container\">\n\t\t\t<style>\/*! elementor - v3.23.0 - 15-07-2024 *\/\n.elementor-widget-image{text-align:center}.elementor-widget-image a{display:inline-block}.elementor-widget-image a img[src$=\".svg\"]{width:48px}.elementor-widget-image img{vertical-align:middle;display:inline-block}<\/style>\t\t\t\t\t\t\t<figure class=\"wp-caption\">\n\t\t\t\t\t\t\t\t\t\t<img decoding=\"async\" width=\"210\" height=\"220\" src=\"https:\/\/domenetattoo.com\/wp-content\/uploads\/2023\/12\/fine-line-sol-tattoo-cala-millor.jpg\" class=\"attachment-large size-large wp-image-987\" alt=\"fine line sun tattoo realizado en Domen\u00e9 Tattoo Studio Mallorca\" srcset=\"https:\/\/domenetattoo.com\/wp-content\/uploads\/2023\/12\/fine-line-sol-tattoo-cala-millor.jpg 210w, https:\/\/domenetattoo.com\/wp-content\/uploads\/2023\/12\/fine-line-sol-tattoo-cala-millor-11x12.jpg 11w\" sizes=\"(max-width: 210px) 100vw, 210px\" \/>\t\t\t\t\t\t\t\t\t\t\t<figcaption class=\"widget-image-caption wp-caption-text\">tattoo studio Mallorca<\/figcaption>\n\t\t\t\t\t\t\t\t\t\t<\/figure>\n\t\t\t\t\t\t\t<\/div>\n\t\t\t\t<\/div>\n\t\t\t\t\t<\/div>\n\t\t<\/div>\n\t\t\t\t<div class=\"elementor-column elementor-col-33 elementor-top-column elementor-element elementor-element-7361dc3\" data-id=\"7361dc3\" data-element_type=\"column\">\n\t\t\t<div class=\"elementor-widget-wrap elementor-element-populated\">\n\t\t\t\t\t\t<div class=\"elementor-element elementor-element-0c6914f elementor-widget elementor-widget-image\" data-id=\"0c6914f\" data-element_type=\"widget\" data-widget_type=\"image.default\">\n\t\t\t\t<div class=\"elementor-widget-container\">\n\t\t\t\t\t\t\t\t\t\t\t\t\t<img fetchpriority=\"high\" decoding=\"async\" width=\"542\" height=\"643\" src=\"https:\/\/domenetattoo.com\/wp-content\/uploads\/2023\/12\/fine-line-figura-tattoo-cala-millor.jpg\" class=\"attachment-large size-large wp-image-988\" alt=\"minimal-tattoo-mallorca.jpg\" srcset=\"https:\/\/domenetattoo.com\/wp-content\/uploads\/2023\/12\/fine-line-figura-tattoo-cala-millor.jpg 542w, https:\/\/domenetattoo.com\/wp-content\/uploads\/2023\/12\/fine-line-figura-tattoo-cala-millor-253x300.jpg 253w, https:\/\/domenetattoo.com\/wp-content\/uploads\/2023\/12\/fine-line-figura-tattoo-cala-millor-10x12.jpg 10w\" sizes=\"(max-width: 542px) 100vw, 542px\" \/>\t\t\t\t\t\t\t\t\t\t\t\t\t<\/div>\n\t\t\t\t<\/div>\n\t\t\t\t\t<\/div>\n\t\t<\/div>\n\t\t\t\t<div class=\"elementor-column elementor-col-33 elementor-top-column elementor-element elementor-element-40e601a\" data-id=\"40e601a\" data-element_type=\"column\">\n\t\t\t<div class=\"elementor-widget-wrap elementor-element-populated\">\n\t\t\t\t\t\t<div class=\"elementor-element elementor-element-48a15a4 elementor-widget elementor-widget-image\" data-id=\"48a15a4\" data-element_type=\"widget\" data-widget_type=\"image.default\">\n\t\t\t\t<div class=\"elementor-widget-container\">\n\t\t\t\t\t\t\t\t\t\t\t\t\t<img decoding=\"async\" width=\"584\" height=\"654\" src=\"https:\/\/domenetattoo.com\/wp-content\/uploads\/2023\/12\/primer-tatuajeo.jpg\" class=\"attachment-large size-large wp-image-1010\" alt=\"minimal tattoo en Mallorca realizado en Cala Millor\" srcset=\"https:\/\/domenetattoo.com\/wp-content\/uploads\/2023\/12\/primer-tatuajeo.jpg 584w, https:\/\/domenetattoo.com\/wp-content\/uploads\/2023\/12\/primer-tatuajeo-268x300.jpg 268w, https:\/\/domenetattoo.com\/wp-content\/uploads\/2023\/12\/primer-tatuajeo-11x12.jpg 11w\" sizes=\"(max-width: 584px) 100vw, 584px\" \/>\t\t\t\t\t\t\t\t\t\t\t\t\t<\/div>\n\t\t\t\t<\/div>\n\t\t\t\t\t<\/div>\n\t\t<\/div>\n\t\t\t\t\t<\/div>\n\t\t<\/section>\n\t\t\t\t<section class=\"elementor-section elementor-top-section elementor-element elementor-element-ab2c892 elementor-section-boxed elementor-section-height-default elementor-section-height-default\" data-id=\"ab2c892\" data-element_type=\"section\">\n\t\t\t\t\t\t<div class=\"elementor-container elementor-column-gap-default\">\n\t\t\t\t\t<div class=\"elementor-column elementor-col-33 elementor-top-column elementor-element elementor-element-febaec7\" data-id=\"febaec7\" data-element_type=\"column\">\n\t\t\t<div class=\"elementor-widget-wrap elementor-element-populated\">\n\t\t\t\t\t\t<div class=\"elementor-element elementor-element-7a9a7ba elementor-widget elementor-widget-image\" data-id=\"7a9a7ba\" data-element_type=\"widget\" data-widget_type=\"image.default\">\n\t\t\t\t<div class=\"elementor-widget-container\">\n\t\t\t\t\t\t\t\t\t\t\t\t\t<img loading=\"lazy\" decoding=\"async\" width=\"569\" height=\"654\" src=\"https:\/\/domenetattoo.com\/wp-content\/uploads\/2023\/12\/primer-tatuaje3.jpg\" class=\"attachment-large size-large wp-image-1001\" alt=\"Tatuaje realista realizado por tattoo artist en Domen\u00e9 Tattoo Studio Mallorca.\" srcset=\"https:\/\/domenetattoo.com\/wp-content\/uploads\/2023\/12\/primer-tatuaje3.jpg 569w, https:\/\/domenetattoo.com\/wp-content\/uploads\/2023\/12\/primer-tatuaje3-261x300.jpg 261w, https:\/\/domenetattoo.com\/wp-content\/uploads\/2023\/12\/primer-tatuaje3-10x12.jpg 10w\" sizes=\"(max-width: 569px) 100vw, 569px\" \/>\t\t\t\t\t\t\t\t\t\t\t\t\t<\/div>\n\t\t\t\t<\/div>\n\t\t\t\t\t<\/div>\n\t\t<\/div>\n\t\t\t\t<div class=\"elementor-column elementor-col-33 elementor-top-column elementor-element elementor-element-cf49778\" data-id=\"cf49778\" data-element_type=\"column\">\n\t\t\t<div class=\"elementor-widget-wrap elementor-element-populated\">\n\t\t\t\t\t\t<div class=\"elementor-element elementor-element-501ce49 elementor-widget elementor-widget-image\" data-id=\"501ce49\" data-element_type=\"widget\" data-widget_type=\"image.default\">\n\t\t\t\t<div class=\"elementor-widget-container\">\n\t\t\t\t\t\t\t\t\t\t\t\t\t<img loading=\"lazy\" decoding=\"async\" width=\"880\" height=\"842\" src=\"https:\/\/domenetattoo.com\/wp-content\/uploads\/2026\/03\/Captura-de-pantalla_13-3-2026_172321_www.instagram.com_.jpeg\" class=\"attachment-large size-large wp-image-1265\" alt=\"blackwork tattoo Mallorca tattoo studio\" srcset=\"https:\/\/domenetattoo.com\/wp-content\/uploads\/2026\/03\/Captura-de-pantalla_13-3-2026_172321_www.instagram.com_.jpeg 890w, https:\/\/domenetattoo.com\/wp-content\/uploads\/2026\/03\/Captura-de-pantalla_13-3-2026_172321_www.instagram.com_-300x287.jpeg 300w, https:\/\/domenetattoo.com\/wp-content\/uploads\/2026\/03\/Captura-de-pantalla_13-3-2026_172321_www.instagram.com_-768x735.jpeg 768w, https:\/\/domenetattoo.com\/wp-content\/uploads\/2026\/03\/Captura-de-pantalla_13-3-2026_172321_www.instagram.com_-13x12.jpeg 13w\" sizes=\"(max-width: 880px) 100vw, 880px\" \/>\t\t\t\t\t\t\t\t\t\t\t\t\t<\/div>\n\t\t\t\t<\/div>\n\t\t\t\t\t<\/div>\n\t\t<\/div>\n\t\t\t\t<div class=\"elementor-column elementor-col-33 elementor-top-column elementor-element elementor-element-92296fe\" data-id=\"92296fe\" data-element_type=\"column\">\n\t\t\t<div class=\"elementor-widget-wrap elementor-element-populated\">\n\t\t\t\t\t\t<div class=\"elementor-element elementor-element-6bb8284 elementor-widget elementor-widget-image\" data-id=\"6bb8284\" data-element_type=\"widget\" data-widget_type=\"image.default\">\n\t\t\t\t<div class=\"elementor-widget-container\">\n\t\t\t\t\t\t\t\t\t\t\t\t\t<img loading=\"lazy\" decoding=\"async\" width=\"504\" height=\"652\" src=\"https:\/\/domenetattoo.com\/wp-content\/uploads\/2026\/03\/Captura-de-pantalla_13-3-2026_172529_www.instagram.com_.jpeg\" class=\"attachment-large size-large wp-image-1266\" alt=\"Custom Tattoo Mallorca\" srcset=\"https:\/\/domenetattoo.com\/wp-content\/uploads\/2026\/03\/Captura-de-pantalla_13-3-2026_172529_www.instagram.com_.jpeg 504w, https:\/\/domenetattoo.com\/wp-content\/uploads\/2026\/03\/Captura-de-pantalla_13-3-2026_172529_www.instagram.com_-232x300.jpeg 232w, https:\/\/domenetattoo.com\/wp-content\/uploads\/2026\/03\/Captura-de-pantalla_13-3-2026_172529_www.instagram.com_-9x12.jpeg 9w\" sizes=\"(max-width: 504px) 100vw, 504px\" \/>\t\t\t\t\t\t\t\t\t\t\t\t\t<\/div>\n\t\t\t\t<\/div>\n\t\t\t\t\t<\/div>\n\t\t<\/div>\n\t\t\t\t\t<\/div>\n\t\t<\/section>\n\t\t\t\t<section class=\"elementor-section elementor-top-section elementor-element elementor-element-0550198 elementor-section-boxed elementor-section-height-default elementor-section-height-default\" data-id=\"0550198\" data-element_type=\"section\">\n\t\t\t\t\t\t<div class=\"elementor-container elementor-column-gap-default\">\n\t\t\t\t\t<div class=\"elementor-column elementor-col-100 elementor-top-column elementor-element elementor-element-a504168\" data-id=\"a504168\" data-element_type=\"column\">\n\t\t\t<div class=\"elementor-widget-wrap elementor-element-populated\">\n\t\t\t\t\t\t<div class=\"elementor-element elementor-element-648e90b elementor-widget elementor-widget-text-editor\" data-id=\"648e90b\" data-element_type=\"widget\" data-widget_type=\"text-editor.default\">\n\t\t\t\t<div class=\"elementor-widget-container\">\n\t\t\t\t\t\t\t<h2 data-section-id=\"1pta49a\" data-start=\"1489\" data-end=\"1529\">Tattoo Studio en Cala Millor Mallorca<\/h2><p data-start=\"1531\" data-end=\"1742\"><strong data-start=\"1531\" data-end=\"1555\">DomeneTattoo Studio<\/strong> est\u00e1 ubicado en <strong data-start=\"1572\" data-end=\"1597\">Cala Millor, Mallorca<\/strong>, una zona tur\u00edstica donde recibimos clientes de toda la isla y visitantes internacionales que quieren llevarse un recuerdo especial de su viaje.<\/p><p data-start=\"1744\" data-end=\"1964\">Nuestro estudio cumple estrictas normas de higiene y utilizamos materiales profesionales para garantizar tatuajes seguros y de alta calidad. Trabajamos cada dise\u00f1o con atenci\u00f3n al detalle para que cada tatuaje sea \u00fanico.<\/p><p data-start=\"1966\" data-end=\"2099\">Si buscas un <strong data-start=\"1979\" data-end=\"2008\">tattoo studio en Mallorca<\/strong>, nuestro estudio ofrece un ambiente profesional donde podr\u00e1s tatuarte con total confianza.<\/p>\t\t\t\t\t\t<\/div>\n\t\t\t\t<\/div>\n\t\t\t\t\t<\/div>\n\t\t<\/div>\n\t\t\t\t\t<\/div>\n\t\t<\/section>\n\t\t\t\t<section class=\"elementor-section elementor-top-section elementor-element elementor-element-6bd4fdd elementor-section-boxed elementor-section-height-default elementor-section-height-default\" data-id=\"6bd4fdd\" data-element_type=\"section\">\n\t\t\t\t\t\t<div class=\"elementor-container elementor-column-gap-default\">\n\t\t\t\t\t<div class=\"elementor-column elementor-col-100 elementor-top-column elementor-element elementor-element-6562b9a\" data-id=\"6562b9a\" data-element_type=\"column\">\n\t\t\t<div class=\"elementor-widget-wrap\">\n\t\t\t\t\t\t\t<\/div>\n\t\t<\/div>\n\t\t\t\t\t<\/div>\n\t\t<\/section>\n\t\t\t\t<section class=\"elementor-section elementor-top-section elementor-element elementor-element-c6ff3ad elementor-section-boxed elementor-section-height-default elementor-section-height-default\" data-id=\"c6ff3ad\" data-element_type=\"section\">\n\t\t\t\t\t\t<div class=\"elementor-container elementor-column-gap-default\">\n\t\t\t\t\t<div class=\"elementor-column elementor-col-100 elementor-top-column elementor-element elementor-element-c3cf862\" data-id=\"c3cf862\" data-element_type=\"column\">\n\t\t\t<div class=\"elementor-widget-wrap elementor-element-populated\">\n\t\t\t\t\t\t<div class=\"elementor-element elementor-element-a62d0eb elementor-widget elementor-widget-text-editor\" data-id=\"a62d0eb\" data-element_type=\"widget\" data-widget_type=\"text-editor.default\">\n\t\t\t\t<div class=\"elementor-widget-container\">\n\t\t\t\t\t\t\t<h2 data-section-id=\"1lyiva5\" data-start=\"2132\" data-end=\"2168\">Estilos de tatuaje que realizamos<\/h2><p data-start=\"2170\" data-end=\"2259\">En Domen\u00e9 Tattoo realizamos diferentes estilos de tatuaje para adaptarnos a cada cliente.<\/p><h3 data-section-id=\"cygzfd\" data-start=\"2261\" data-end=\"2281\">Fine Line Tattoo<\/h3><p data-start=\"2282\" data-end=\"2402\">Los tatuajes <strong data-start=\"2295\" data-end=\"2308\">fine line<\/strong> se caracterizan por l\u00edneas finas y elegantes, ideales para tatuajes minimalistas y delicados.<\/p><h3 data-section-id=\"1edw90w\" data-start=\"2404\" data-end=\"2422\">Minimal Tattoo<\/h3><p data-start=\"2423\" data-end=\"2514\">Los tatuajes minimalistas utilizan dise\u00f1os simples y limpios que destacan por su elegancia.<\/p><h3 data-section-id=\"1f4o5h1\" data-start=\"2516\" data-end=\"2536\">Blackwork Tattoo<\/h3><p data-start=\"2537\" data-end=\"2624\">El estilo blackwork utiliza tinta negra intensa para crear tatuajes con gran contraste.<\/p><h3 data-section-id=\"1qsjvm5\" data-start=\"2626\" data-end=\"2646\">Realistic Tattoo<\/h3><p data-start=\"2647\" data-end=\"2729\">Los tatuajes realistas buscan representar im\u00e1genes con gran detalle y profundidad.<\/p><h3 data-section-id=\"1ea49hc\" data-start=\"2731\" data-end=\"2748\">Custom Tattoo<\/h3><p data-start=\"2749\" data-end=\"2840\">Tambi\u00e9n realizamos <strong data-start=\"2768\" data-end=\"2795\">tatuajes personalizados<\/strong>, dise\u00f1ados exclusivamente para cada cliente.<\/p>\t\t\t\t\t\t<\/div>\n\t\t\t\t<\/div>\n\t\t\t\t\t<\/div>\n\t\t<\/div>\n\t\t\t\t\t<\/div>\n\t\t<\/section>\n\t\t\t\t<section class=\"elementor-section elementor-top-section elementor-element elementor-element-1bf147e elementor-section-boxed elementor-section-height-default elementor-section-height-default\" data-id=\"1bf147e\" data-element_type=\"section\">\n\t\t\t\t\t\t<div class=\"elementor-container elementor-column-gap-default\">\n\t\t\t\t\t<div class=\"elementor-column elementor-col-100 elementor-top-column elementor-element elementor-element-fd06ab4\" data-id=\"fd06ab4\" data-element_type=\"column\">\n\t\t\t<div class=\"elementor-widget-wrap elementor-element-populated\">\n\t\t\t\t\t\t<div class=\"elementor-element elementor-element-6b6e7a4 elementor-widget elementor-widget-text-editor\" data-id=\"6b6e7a4\" data-element_type=\"widget\" data-widget_type=\"text-editor.default\">\n\t\t\t\t<div class=\"elementor-widget-container\">\n\t\t\t\t\t\t\t<h2 data-section-id=\"wzzbng\" data-start=\"2885\" data-end=\"2928\">Por qu\u00e9 elegir Domen\u00e9 Tattoo en Mallorca<\/h2><p data-start=\"2930\" data-end=\"3037\">Elegir un buen tatuador es importante para garantizar un resultado profesional. En Domen\u00e9 Tattoo ofrecemos:<\/p><ul data-start=\"3039\" data-end=\"3226\"><li data-section-id=\"1c2kv1n\" data-start=\"3039\" data-end=\"3088\"><p data-start=\"3041\" data-end=\"3088\">Estudio profesional en <strong data-start=\"3064\" data-end=\"3088\">Cala Millor Mallorca<\/strong><\/p><\/li><li data-section-id=\"qwcg9j\" data-start=\"3089\" data-end=\"3124\"><p data-start=\"3091\" data-end=\"3124\">Dise\u00f1os de tatuaje personalizados<\/p><\/li><li data-section-id=\"r2vfgq\" data-start=\"3125\" data-end=\"3153\"><p data-start=\"3127\" data-end=\"3153\">Materiales de alta calidad<\/p><\/li><li data-section-id=\"109w37c\" data-start=\"3154\" data-end=\"3183\"><p data-start=\"3156\" data-end=\"3183\">Estrictas normas de higiene<\/p><\/li><li data-section-id=\"1vi4cwn\" data-start=\"3184\" data-end=\"3226\"><p data-start=\"3186\" data-end=\"3226\">Atenci\u00f3n personalizada para cada cliente<\/p><\/li><\/ul><p data-start=\"3228\" data-end=\"3311\">Nuestro objetivo es crear tatuajes que representen algo especial para cada persona.<\/p><p data-start=\"3228\" data-end=\"3311\">\u00a0<\/p><p data-start=\"3385\" data-end=\"3627\">Muchos visitantes que viajan a la isla aprovechan sus vacaciones para hacerse un tatuaje en Mallorca. En nuestro estudio atendemos a clientes internacionales que buscan un <strong data-start=\"3557\" data-end=\"3586\">tattoo artist en Mallorca<\/strong> con experiencia y un estilo profesional.<\/p><p data-start=\"3629\" data-end=\"3778\">Si est\u00e1s de vacaciones en Cala Millor o en cualquier parte de la isla, puedes reservar tu cita y llevarte un tatuaje \u00fanico como recuerdo de Mallorca.<\/p>\t\t\t\t\t\t<\/div>\n\t\t\t\t<\/div>\n\t\t\t\t\t<\/div>\n\t\t<\/div>\n\t\t\t\t\t<\/div>\n\t\t<\/section>\n\t\t\t\t<section class=\"elementor-section elementor-top-section elementor-element elementor-element-c02373d elementor-section-boxed elementor-section-height-default elementor-section-height-default\" data-id=\"c02373d\" data-element_type=\"section\">\n\t\t\t\t\t\t<div class=\"elementor-container elementor-column-gap-default\">\n\t\t\t\t\t<div class=\"elementor-column elementor-col-100 elementor-top-column elementor-element elementor-element-02b614a\" data-id=\"02b614a\" data-element_type=\"column\">\n\t\t\t<div class=\"elementor-widget-wrap elementor-element-populated\">\n\t\t\t\t\t\t<div class=\"elementor-element elementor-element-555a27e elementor-widget elementor-widget-text-editor\" data-id=\"555a27e\" data-element_type=\"widget\" data-widget_type=\"text-editor.default\">\n\t\t\t\t<div class=\"elementor-widget-container\">\n\t\t\t\t\t\t\t<h2 data-section-id=\"1mx9bi9\" data-start=\"4107\" data-end=\"4152\">Nuestro estudio de tatuajes en Cala Millor<\/h2><p data-start=\"4154\" data-end=\"4283\">Domen\u00e9 Tattoo Studio se encuentra en <strong data-start=\"4191\" data-end=\"4216\">Cala Millor, Mallorca<\/strong>, una ubicaci\u00f3n accesible tanto para residentes como para turistas.<\/p>\t\t\t\t\t\t<\/div>\n\t\t\t\t<\/div>\n\t\t\t\t\t<\/div>\n\t\t<\/div>\n\t\t\t\t\t<\/div>\n\t\t<\/section>\n\t\t\t\t<section class=\"elementor-section elementor-top-section elementor-element elementor-element-2d55d3b elementor-section-boxed elementor-section-height-default elementor-section-height-default\" data-id=\"2d55d3b\" data-element_type=\"section\">\n\t\t\t\t\t\t<div class=\"elementor-container elementor-column-gap-default\">\n\t\t\t\t\t<div class=\"elementor-column elementor-col-100 elementor-top-column elementor-element elementor-element-39aa20c\" data-id=\"39aa20c\" data-element_type=\"column\">\n\t\t\t<div class=\"elementor-widget-wrap\">\n\t\t\t\t\t\t\t<\/div>\n\t\t<\/div>\n\t\t\t\t\t<\/div>\n\t\t<\/section>\n\t\t\t\t<section class=\"elementor-section elementor-top-section elementor-element elementor-element-351efbc elementor-section-boxed elementor-section-height-default elementor-section-height-default\" data-id=\"351efbc\" data-element_type=\"section\">\n\t\t\t\t\t\t<div class=\"elementor-container elementor-column-gap-default\">\n\t\t\t\t\t<div class=\"elementor-column elementor-col-100 elementor-top-column elementor-element elementor-element-a9918e3\" data-id=\"a9918e3\" data-element_type=\"column\">\n\t\t\t<div class=\"elementor-widget-wrap elementor-element-populated\">\n\t\t\t\t\t\t<div class=\"elementor-element elementor-element-e39e0ed elementor-widget elementor-widget-google_maps\" data-id=\"e39e0ed\" data-element_type=\"widget\" data-widget_type=\"google_maps.default\">\n\t\t\t\t<div class=\"elementor-widget-container\">\n\t\t\t<style>\/*! elementor - v3.23.0 - 15-07-2024 *\/\n.elementor-widget-google_maps .elementor-widget-container{overflow:hidden}.elementor-widget-google_maps .elementor-custom-embed{line-height:0}.elementor-widget-google_maps iframe{height:300px}<\/style>\t\t<div class=\"elementor-custom-embed\">\n\t\t\t<iframe loading=\"lazy\"\n\t\t\t\t\tsrc=\"https:\/\/maps.google.com\/maps?q=domenetattoo&#038;t=m&#038;z=15&#038;output=embed&#038;iwloc=near\"\n\t\t\t\t\ttitle=\"domenetattoo\"\n\t\t\t\t\taria-label=\"domenetattoo\"\n\t\t\t><\/iframe>\n\t\t<\/div>\n\t\t\t\t<\/div>\n\t\t\t\t<\/div>\n\t\t\t\t\t<\/div>\n\t\t<\/div>\n\t\t\t\t\t<\/div>\n\t\t<\/section>\n\t\t\t\t<\/div>","protected":false},"excerpt":{"rendered":"<p>En DomeneTattoo Studio realizamos tatuajes personalizados en Mallorca para clientes locales y turistas que visitan la isla. Nuestro estudio est\u00e1<\/p>\n<p><a href=\"https:\/\/domenetattoo.com\/en\/tattoo-studio-en-mallorca-domene-tattoo\" class=\"more-link\">Continuar leyendo&#8230;<span class=\"screen-reader-text\">Tattoo Studio en Mallorca \u2013 DomeneTattoo<\/span><\/a><\/p>","protected":false},"author":1,"featured_media":0,"parent":0,"menu_order":0,"comment_status":"closed","ping_status":"closed","template":"","meta":{"_joinchat":[],"footnotes":""},"class_list":["post-1260","page","type-page","status-publish","hentry"],"_links":{"self":[{"href":"https:\/\/domenetattoo.com\/en\/wp-json\/wp\/v2\/pages\/1260"}],"collection":[{"href":"https:\/\/domenetattoo.com\/en\/wp-json\/wp\/v2\/pages"}],"about":[{"href":"https:\/\/domenetattoo.com\/en\/wp-json\/wp\/v2\/types\/page"}],"author":[{"embeddable":true,"href":"https:\/\/domenetattoo.com\/en\/wp-json\/wp\/v2\/users\/1"}],"replies":[{"embeddable":true,"href":"https:\/\/domenetattoo.com\/en\/wp-json\/wp\/v2\/comments?post=1260"}],"version-history":[{"count":10,"href":"https:\/\/domenetattoo.com\/en\/wp-json\/wp\/v2\/pages\/1260\/revisions"}],"predecessor-version":[{"id":1340,"href":"https:\/\/domenetattoo.com\/en\/wp-json\/wp\/v2\/pages\/1260\/revisions\/1340"}],"wp:attachment":[{"href":"https:\/\/domenetattoo.com\/en\/wp-json\/wp\/v2\/media?parent=1260"}],"curies":[{"name":"wp","href":"https:\/\/api.w.org\/{rel}","templated":true}]}}