{"id":328,"date":"2022-05-09T20:15:57","date_gmt":"2022-05-09T20:15:57","guid":{"rendered":"https:\/\/domenetattoo.com\/?page_id=328"},"modified":"2026-04-03T15:07:40","modified_gmt":"2026-04-03T15:07:40","slug":"aviso-legal","status":"publish","type":"page","link":"https:\/\/domenetattoo.com\/en\/aviso-legal","title":{"rendered":"Aviso Legal"},"content":{"rendered":"<div data-elementor-type=\"wp-page\" data-elementor-id=\"328\" class=\"elementor elementor-328\">\n\t\t\t\t\t\t<section class=\"elementor-section elementor-top-section elementor-element elementor-element-56d81268 elementor-section-boxed elementor-section-height-default elementor-section-height-default\" data-id=\"56d81268\" data-element_type=\"section\">\n\t\t\t\t\t\t<div class=\"elementor-container elementor-column-gap-default\">\n\t\t\t\t\t<div class=\"elementor-column elementor-col-100 elementor-top-column elementor-element elementor-element-893d9fc\" data-id=\"893d9fc\" data-element_type=\"column\">\n\t\t\t<div class=\"elementor-widget-wrap elementor-element-populated\">\n\t\t\t\t\t\t<div class=\"elementor-element elementor-element-da152ec elementor-widget elementor-widget-text-editor\" data-id=\"da152ec\" data-element_type=\"widget\" data-widget_type=\"text-editor.default\">\n\t\t\t\t<div class=\"elementor-widget-container\">\n\t\t\t<style>\/*! elementor - v3.23.0 - 15-07-2024 *\/\n.elementor-widget-text-editor.elementor-drop-cap-view-stacked .elementor-drop-cap{background-color:#69727d;color:#fff}.elementor-widget-text-editor.elementor-drop-cap-view-framed .elementor-drop-cap{color:#69727d;border:3px solid;background-color:transparent}.elementor-widget-text-editor:not(.elementor-drop-cap-view-default) .elementor-drop-cap{margin-top:8px}.elementor-widget-text-editor:not(.elementor-drop-cap-view-default) .elementor-drop-cap-letter{width:1em;height:1em}.elementor-widget-text-editor .elementor-drop-cap{float:left;text-align:center;line-height:1;font-size:50px}.elementor-widget-text-editor .elementor-drop-cap-letter{display:inline-block}<\/style>\t\t\t\t<p><!-- wp:heading --><\/p>\n<h2 class=\"wp-block-heading\">Domene Tattoo cala millor<\/h2>\n<p><!-- \/wp:heading --><\/p>\n<p><!-- wp:paragraph --><\/p>\n<p><strong>Domene Tattoo S.L<\/strong> , direcci\u00f3n&nbsp;<strong>Carrer flor 7, 07560 Cala Millor, Illes Balears<\/strong>, no puede asumir ninguna responsabilidad derivada del uso incorrecto, inapropiado o il\u00edcito de la informaci\u00f3n aparecida en las p\u00e1ginas de Internet de <strong>Domene Tattoo <\/strong>Con los l\u00edmites establecidos en la ley, Domene Tattoo&nbsp;no asume ninguna responsabilidad derivada de la falta de veracidad, integridad, actualizaci\u00f3n y precisi\u00f3n de los datos o informaciones que se incluyan por terceros en sus p\u00e1ginas de Internet. Los contenidos e informaci\u00f3n no vinculan a Domene Tattoo&nbsp;ni constituyen opiniones, consejos o asesoramiento legal de ning\u00fan tipo pues se trata meramente de un servicio ofrecido con car\u00e1cter informativo y divulgativo. Las p\u00e1ginas de Internet de&nbsp;<strong> <strong>Domene Tattoo<\/strong><\/strong>&nbsp;pueden contener enlaces (links) a otras p\u00e1ginas de terceras partes que&nbsp;<strong> <strong>Domene Tattoo<\/strong><\/strong>&nbsp;no puede controlar. Por lo tanto, <strong> <strong>DomeneTattoo<\/strong><\/strong> estudio cala millor&nbsp;no puede asumir responsabilidades por el contenido que pueda aparecer en p\u00e1ginas de terceros.<\/p>\n<p><!-- \/wp:paragraph --><\/p>\n<p><!-- wp:paragraph --><\/p>\n<p>Los textos, im\u00e1genes, sonidos, animaciones, software y el resto de contenidos incluidos en este website son propiedad exclusiva de <strong> <strong>Domene Tattoo<\/strong><\/strong>&nbsp;o sus licenciantes. Cualquier acto de transmisi\u00f3n, distribuci\u00f3n, cesi\u00f3n, reproducci\u00f3n, almacenamiento o comunicaci\u00f3n p\u00fablica total o parcial, debe contar con el consentimiento expreso de&nbsp;<strong> <strong>Domene Tattoo<\/strong>.<\/strong><\/p>\n<p><!-- \/wp:paragraph --><\/p>\n<p><!-- wp:paragraph --><\/p>\n<p>Asimismo, para acceder a algunos de los servicios que  <strong>Domene Tattoo<\/strong>&nbsp;ofrece a trav\u00e9s del website deber\u00e1 proporcionar algunos datos de car\u00e1cter personal. En cumplimiento de lo establecido en la Ley Org\u00e1nica 15\/1999, de 13 de diciembre, de Protecci\u00f3n de Datos de Car\u00e1cter Personal le informamos que, mediante la cumplimentaci\u00f3n de los presentes formularios, sus datos personales quedar\u00e1n incorporados y ser\u00e1n tratados en los ficheros de <strong>Domene Tattoo<\/strong>&nbsp;con el fin de poderle prestar y ofrecer nuestros servicios, as\u00ed como para informarle de las mejoras del sitio web. Asimismo, le informamos de la posibilidad de que ejerza los derechos de acceso, rectificaci\u00f3n, cancelaci\u00f3n y oposici\u00f3n de sus datos de car\u00e1cter personal, manera gratuita mediante email a&nbsp;<strong>dacedope@hotmail.com<\/strong>  instagram www.isntagram\/domenetattoo o en la direcci\u00f3n al estudio de tatuajes hubicado en &nbsp;<strong><strong>Carrer Alosa, 23, 07560 Cala Millor, Illes Balears<\/strong><\/strong>.<\/p>\n<p><!-- \/wp:paragraph --><\/p>\t\t\t\t\t\t<\/div>\n\t\t\t\t<\/div>\n\t\t\t\t\t<\/div>\n\t\t<\/div>\n\t\t\t\t\t<\/div>\n\t\t<\/section>\n\t\t\t\t<\/div>","protected":false},"excerpt":{"rendered":"<p>Domene Tattoo cala millor Domene Tattoo S.L , direcci\u00f3n&nbsp;Carrer flor 7, 07560 Cala Millor, Illes Balears, no puede asumir ninguna<\/p>\n<p><a href=\"https:\/\/domenetattoo.com\/en\/aviso-legal\" class=\"more-link\">Continuar leyendo&#8230;<span class=\"screen-reader-text\">Aviso Legal<\/span><\/a><\/p>","protected":false},"author":1,"featured_media":0,"parent":0,"menu_order":0,"comment_status":"closed","ping_status":"closed","template":"","meta":{"_joinchat":{"telephone":"+34697564145"},"footnotes":""},"class_list":["post-328","page","type-page","status-publish","hentry"],"_links":{"self":[{"href":"https:\/\/domenetattoo.com\/en\/wp-json\/wp\/v2\/pages\/328"}],"collection":[{"href":"https:\/\/domenetattoo.com\/en\/wp-json\/wp\/v2\/pages"}],"about":[{"href":"https:\/\/domenetattoo.com\/en\/wp-json\/wp\/v2\/types\/page"}],"author":[{"embeddable":true,"href":"https:\/\/domenetattoo.com\/en\/wp-json\/wp\/v2\/users\/1"}],"replies":[{"embeddable":true,"href":"https:\/\/domenetattoo.com\/en\/wp-json\/wp\/v2\/comments?post=328"}],"version-history":[{"count":6,"href":"https:\/\/domenetattoo.com\/en\/wp-json\/wp\/v2\/pages\/328\/revisions"}],"predecessor-version":[{"id":1295,"href":"https:\/\/domenetattoo.com\/en\/wp-json\/wp\/v2\/pages\/328\/revisions\/1295"}],"wp:attachment":[{"href":"https:\/\/domenetattoo.com\/en\/wp-json\/wp\/v2\/media?parent=328"}],"curies":[{"name":"wp","href":"https:\/\/api.w.org\/{rel}","templated":true}]}}